{"id":157,"date":"2023-07-10T19:24:10","date_gmt":"2023-07-10T17:24:10","guid":{"rendered":"http:\/\/atelierdelamaingauche.fr\/?page_id=157"},"modified":"2024-06-10T12:49:44","modified_gmt":"2024-06-10T10:49:44","slug":"ateliers-hebdomadaires","status":"publish","type":"page","link":"http:\/\/atelierdelamaingauche.fr\/index.php\/ateliers-hebdomadaires\/","title":{"rendered":"Ateliers hebdomadaires"},"content":{"rendered":"\n<div class=\"wp-block-columns is-layout-flex wp-container-core-columns-is-layout-28f84493 wp-block-columns-is-layout-flex\">\n<div class=\"wp-block-column is-layout-flow wp-block-column-is-layout-flow\" style=\"flex-basis:33.33%\">\n<figure class=\"wp-block-image size-large\"><img fetchpriority=\"high\" decoding=\"async\" width=\"1024\" height=\"683\" src=\"http:\/\/atelierdelamaingauche.fr\/wp-content\/uploads\/2023\/07\/IMGP6966-1024x683.jpg\" alt=\"\" class=\"wp-image-74\" srcset=\"http:\/\/atelierdelamaingauche.fr\/wp-content\/uploads\/2023\/07\/IMGP6966-1024x683.jpg 1024w, http:\/\/atelierdelamaingauche.fr\/wp-content\/uploads\/2023\/07\/IMGP6966-300x200.jpg 300w, http:\/\/atelierdelamaingauche.fr\/wp-content\/uploads\/2023\/07\/IMGP6966-768x512.jpg 768w\" sizes=\"(max-width: 1024px) 100vw, 1024px\" \/><\/figure>\n\n\n\n<p><strong>Lundi soir 18h30\/22h30<\/strong> <em>avec Anne-Fr\u00e9d\u00e9rique Maurer<\/em><\/p>\n\n\n\n<p><strong>Mardi soir 19h\/23h<\/strong> <em>avec Bilitis Farreny<\/em><\/p>\n\n\n\n<p><strong>Mercredi matin 9h30\/13h30<\/strong> <em>avec Bilitis Farreny<\/em><\/p>\n\n\n\n<p><strong>Mercredi soir 19h\/23h<\/strong> <em>avec Camille Laforcen\u00e9e<\/em><\/p>\n\n\n\n<p><strong>Jeudi matin 9h30\/13h30<\/strong> <em>avec Bilitis Farreny<\/em><\/p>\n\n\n\n<p><strong>Jeudi apr\u00e8s-midi 13h30\/17h30<\/strong> <em>avec Bilitis Farreny<\/em><\/p>\n\n\n\n<p><\/p>\n<\/div>\n\n\n\n<div class=\"wp-block-column is-layout-flow wp-block-column-is-layout-flow\" style=\"flex-basis:66.66%\">\n<p class=\"has-text-align-left\">Les&nbsp;ateliers hebdomadaires sont ouverts aux amateurs comme aux initi\u00e9s.<br>Ils sont de 4 heures cons\u00e9cutives par semaine, dur\u00e9e suffisamment longue pour&nbsp;pouvoir induire \u00e0 la fois un travail d&#8217;atelier libre et un accompagnement&nbsp;personnalis\u00e9 en fonction des attentes, des orientations et du niveau de chacun.<\/p>\n\n\n\n<p class=\"has-text-align-left\">Pour les&nbsp;graveurs d\u00e9butants, l&#8217;objectif de ces ateliers est de s&#8217;initier aux principales&nbsp;techniques de la gravure et d&#8217;explorer ensemble les possibilit\u00e9s de chacune&nbsp;d&#8217;elles afin de pouvoir s&#8217;exprimer librement \u00e0 travers celle ou celles&nbsp;qui correspondent le mieux \u00e0 sa personnalit\u00e9 ou son univers artistique.<br>Il n&#8217;est pas n\u00e9cessaire de ma\u00eetriser le dessin pour participer \u00e0 cet atelier. Les esprits cr\u00e9atifs et curieux sont les bienvenus.<br><br>Techniques&nbsp;propos\u00e9es : taille-douce (pointe s\u00e8che, eau-forte, aquatinte, collagraphie\u2026) et&nbsp;taille d&#8217;\u00e9pargne (gravure sur bois, linogravure).<\/p>\n\n\n\n<p>Tarif plein 85\u20ac par mois \/ Tarif r\u00e9duit<em> <\/em>: 68\u20ac par mois<br><em><em>Ces&nbsp;tarifs comprennent la totalit\u00e9 du mat\u00e9riel requis \u00e0 l&#8217;exception des supports de&nbsp;gravure (zinc, cuivre, lino\u2026) et du papier d\u00e9finitif de tirage<\/em>.<\/em> <em>Tarif r\u00e9duit r\u00e9serv\u00e9 aux \u00e9tudiants, demandeurs d&#8217;emploi,&nbsp;intermittents du spectacle et contrats aid\u00e9s.<\/em><\/p>\n\n\n\n<p><em>Nous demandons aux participants \u00e0 ces ateliers un engagement \u00e0 l\u2019ann\u00e9e qui se concr\u00e9tise par le versement de la totalit\u00e9 de la somme \u00e0 l\u2019ann\u00e9e (r\u00e9partie en un ou plusieurs ch\u00e8ques) et l\u2019adh\u00e9sion \u00e0 l\u2019association (15\u20ac pour l\u2019ann\u00e9e 2024\/2025).<\/em><br><em>La premi\u00e8re s\u00e9ance est une s\u00e9ance d\u2019essai gratuite.<\/em> <em>D\u00e9but des ateliers 2024\/2025 la semaine du 2 septembre 2024 !<\/em><\/p>\n\n\n\n<p><em>Nous vous conseillons d\u2019ores et d\u00e9j\u00e0 de <\/em><a href=\"mailto:info@atelierdelamaingauche.fr\"><em>vous inscrire<\/em><\/a>\u2026<\/p>\n<\/div>\n<\/div>\n","protected":false},"excerpt":{"rendered":"<p>Lundi soir 18h30\/22h30 avec Anne-Fr\u00e9d\u00e9rique Maurer Mardi soir 19h\/23h avec Bilitis Farreny Mercredi matin 9h30\/13h30 avec Bilitis Farreny Mercredi soir 19h\/23h avec Camille Laforcen\u00e9e Jeudi matin 9h30\/13h30 avec Bilitis Farreny Jeudi apr\u00e8s-midi 13h30\/17h30 avec Bilitis Farreny Les&nbsp;ateliers hebdomadaires sont ouverts aux amateurs comme aux initi\u00e9s.Ils sont de 4 heures cons\u00e9cutives par semaine, dur\u00e9e suffisamment longue [&hellip;]<\/p>\n","protected":false},"author":1,"featured_media":0,"parent":0,"menu_order":1,"comment_status":"closed","ping_status":"closed","template":"","meta":{"footnotes":""},"class_list":["post-157","page","type-page","status-publish","hentry"],"_links":{"self":[{"href":"http:\/\/atelierdelamaingauche.fr\/index.php\/wp-json\/wp\/v2\/pages\/157","targetHints":{"allow":["GET"]}}],"collection":[{"href":"http:\/\/atelierdelamaingauche.fr\/index.php\/wp-json\/wp\/v2\/pages"}],"about":[{"href":"http:\/\/atelierdelamaingauche.fr\/index.php\/wp-json\/wp\/v2\/types\/page"}],"author":[{"embeddable":true,"href":"http:\/\/atelierdelamaingauche.fr\/index.php\/wp-json\/wp\/v2\/users\/1"}],"replies":[{"embeddable":true,"href":"http:\/\/atelierdelamaingauche.fr\/index.php\/wp-json\/wp\/v2\/comments?post=157"}],"version-history":[{"count":8,"href":"http:\/\/atelierdelamaingauche.fr\/index.php\/wp-json\/wp\/v2\/pages\/157\/revisions"}],"predecessor-version":[{"id":541,"href":"http:\/\/atelierdelamaingauche.fr\/index.php\/wp-json\/wp\/v2\/pages\/157\/revisions\/541"}],"wp:attachment":[{"href":"http:\/\/atelierdelamaingauche.fr\/index.php\/wp-json\/wp\/v2\/media?parent=157"}],"curies":[{"name":"wp","href":"https:\/\/api.w.org\/{rel}","templated":true}]}}