{"id":211,"date":"2023-07-12T19:31:31","date_gmt":"2023-07-12T17:31:31","guid":{"rendered":"http:\/\/atelierdelamaingauche.fr\/?page_id=211"},"modified":"2025-05-19T17:01:40","modified_gmt":"2025-05-19T15:01:40","slug":"stages-destampe-japonaise","status":"publish","type":"page","link":"http:\/\/atelierdelamaingauche.fr\/index.php\/stages\/stages-destampe-japonaise\/","title":{"rendered":"Stages d&#8217;estampe japonaise"},"content":{"rendered":"\n<div class=\"wp-block-columns is-layout-flex wp-container-core-columns-is-layout-28f84493 wp-block-columns-is-layout-flex\">\n<div class=\"wp-block-column is-layout-flow wp-block-column-is-layout-flow\" style=\"flex-basis:33.33%\">\n<figure class=\"wp-block-image size-full\"><img fetchpriority=\"high\" decoding=\"async\" width=\"461\" height=\"290\" src=\"http:\/\/atelierdelamaingauche.fr\/wp-content\/uploads\/2023\/07\/bois_grave.jpg\" alt=\"\" class=\"wp-image-187\" srcset=\"http:\/\/atelierdelamaingauche.fr\/wp-content\/uploads\/2023\/07\/bois_grave.jpg 461w, http:\/\/atelierdelamaingauche.fr\/wp-content\/uploads\/2023\/07\/bois_grave-300x189.jpg 300w\" sizes=\"(max-width: 461px) 100vw, 461px\" \/><\/figure>\n\n\n\n<p><strong>Stages 2025\/202<\/strong>6<\/p>\n\n\n\n<ul class=\"wp-block-list\">\n<li>Stage d\u00e9butants du 18 au 22 octobre 2025<\/li>\n\n\n\n<li>Stage approfondissement du 29 octobre au 2 novembre 2025<\/li>\n<\/ul>\n<\/div>\n\n\n\n<div class=\"wp-block-column is-layout-flow wp-block-column-is-layout-flow\" style=\"flex-basis:66.66%\">\n<p><strong>Deux stages d\u2019estampe japonaise avec Miriam Zegrer<\/strong><br><a href=\"\\&quot;http:\/\/atelierdelamaingauche.fr\/wp-content\/uploads\/2015\/07\/Image-Miriam-mail.jpg\\&quot;\"><\/a><br>L\u2019Atelier de la Main Gauche propose depuis 2014 des stages d\u2019estampe japonaise pendant les vacances de la Toussaint.<br>Ces stages sont anim\u00e9s par Miriam Zegrer, fondatrice du DruckAtelier \u00e0 Berlin, sp\u00e9cialiste du bois grav\u00e9.<br>Deux sessions de stage sont programm\u00e9es : un stage pour d\u00e9butants et un stage d&#8217;approfondissement r\u00e9serv\u00e9 aux personnes ayant d\u00e9j\u00e0 effectu\u00e9 un stage avec Miriam ou ayant d\u00e9j\u00e0 une pratique en estampe japonaise.<\/p>\n\n\n\n<p>Le tarif du stage d\u00e9butant est de 390 euros, prix couvrant les 5 jours d\u2019intervention de Miriam dans les locaux de l\u2019atelier, ainsi que le mat\u00e9riel.<\/p>\n\n\n\n<p>Le tarif du stage approfondissement est de 370 euros, prix auquel il faudra ajouter le co\u00fbt du mat\u00e9riel, variable selon le projet de chaque stagiaire.<\/p>\n\n\n\n<p> Le reste (h\u00e9bergement, repas, transport, etc.) est \u00e0 la charge exclusive du stagiaire.<br><\/p>\n\n\n\n<p>Si vous \u00eates int\u00e9ress\u00e9(e), un descriptif plus complet du stage peut vous \u00eatre adress\u00e9 sur simple demande \u00e0 l\u2019adresse <a href=\"mailto:info@atelierdelamaingauche.fr\">info@atelierdelamaingauche.fr<\/a>.<br>Pr\u00e9cision : Miriam Zegrer parle tr\u00e8s bien fran\u00e7ais !<\/p>\n\n\n\n<p>Plus d\u2019informations sur Miriam Zegrer et le DruckAtelier :<br><a href=\"\\&quot;http:\/\/www.druckatelier.eu\/fr\/hauptmenu\/werkstatt\/\\&quot;\">http:\/\/www.druckatelier.eu\/fr<\/a><\/p>\n<\/div>\n<\/div>\n","protected":false},"excerpt":{"rendered":"<p>Stages 2025\/2026 Deux stages d\u2019estampe japonaise avec Miriam ZegrerL\u2019Atelier de la Main Gauche propose depuis 2014 des stages d\u2019estampe japonaise pendant les vacances de la Toussaint.Ces stages sont anim\u00e9s par Miriam Zegrer, fondatrice du DruckAtelier \u00e0 Berlin, sp\u00e9cialiste du bois grav\u00e9.Deux sessions de stage sont programm\u00e9es : un stage pour d\u00e9butants et un stage d&#8217;approfondissement [&hellip;]<\/p>\n","protected":false},"author":1,"featured_media":0,"parent":159,"menu_order":3,"comment_status":"closed","ping_status":"closed","template":"","meta":{"footnotes":""},"class_list":["post-211","page","type-page","status-publish","hentry"],"_links":{"self":[{"href":"http:\/\/atelierdelamaingauche.fr\/index.php\/wp-json\/wp\/v2\/pages\/211","targetHints":{"allow":["GET"]}}],"collection":[{"href":"http:\/\/atelierdelamaingauche.fr\/index.php\/wp-json\/wp\/v2\/pages"}],"about":[{"href":"http:\/\/atelierdelamaingauche.fr\/index.php\/wp-json\/wp\/v2\/types\/page"}],"author":[{"embeddable":true,"href":"http:\/\/atelierdelamaingauche.fr\/index.php\/wp-json\/wp\/v2\/users\/1"}],"replies":[{"embeddable":true,"href":"http:\/\/atelierdelamaingauche.fr\/index.php\/wp-json\/wp\/v2\/comments?post=211"}],"version-history":[{"count":10,"href":"http:\/\/atelierdelamaingauche.fr\/index.php\/wp-json\/wp\/v2\/pages\/211\/revisions"}],"predecessor-version":[{"id":601,"href":"http:\/\/atelierdelamaingauche.fr\/index.php\/wp-json\/wp\/v2\/pages\/211\/revisions\/601"}],"up":[{"embeddable":true,"href":"http:\/\/atelierdelamaingauche.fr\/index.php\/wp-json\/wp\/v2\/pages\/159"}],"wp:attachment":[{"href":"http:\/\/atelierdelamaingauche.fr\/index.php\/wp-json\/wp\/v2\/media?parent=211"}],"curies":[{"name":"wp","href":"https:\/\/api.w.org\/{rel}","templated":true}]}}