{"id":217,"date":"2023-07-12T19:33:18","date_gmt":"2023-07-12T17:33:18","guid":{"rendered":"http:\/\/atelierdelamaingauche.fr\/?page_id=217"},"modified":"2025-06-14T13:32:18","modified_gmt":"2025-06-14T11:32:18","slug":"stages-de-kitchen-litho","status":"publish","type":"page","link":"http:\/\/atelierdelamaingauche.fr\/index.php\/stages\/stages-de-kitchen-litho\/","title":{"rendered":"Stages de kitchen litho"},"content":{"rendered":"\n<div class=\"wp-block-columns is-layout-flex wp-container-core-columns-is-layout-28f84493 wp-block-columns-is-layout-flex\">\n<div class=\"wp-block-column is-layout-flow wp-block-column-is-layout-flow\" style=\"flex-basis:33.33%\">\n<figure class=\"wp-block-image size-large\"><img fetchpriority=\"high\" decoding=\"async\" width=\"1024\" height=\"1024\" src=\"http:\/\/atelierdelamaingauche.fr\/wp-content\/uploads\/2023\/07\/KL-tirage-edited-1024x1024.jpg\" alt=\"\" class=\"wp-image-203\" srcset=\"http:\/\/atelierdelamaingauche.fr\/wp-content\/uploads\/2023\/07\/KL-tirage-edited-1024x1024.jpg 1024w, http:\/\/atelierdelamaingauche.fr\/wp-content\/uploads\/2023\/07\/KL-tirage-edited-300x300.jpg 300w, http:\/\/atelierdelamaingauche.fr\/wp-content\/uploads\/2023\/07\/KL-tirage-edited-150x150.jpg 150w, http:\/\/atelierdelamaingauche.fr\/wp-content\/uploads\/2023\/07\/KL-tirage-edited-768x768.jpg 768w, http:\/\/atelierdelamaingauche.fr\/wp-content\/uploads\/2023\/07\/KL-tirage-edited-1536x1536.jpg 1536w, http:\/\/atelierdelamaingauche.fr\/wp-content\/uploads\/2023\/07\/KL-tirage-edited-2048x2048.jpg 2048w, http:\/\/atelierdelamaingauche.fr\/wp-content\/uploads\/2023\/07\/KL-tirage-edited-1170x1170.jpg 1170w\" sizes=\"(max-width: 1024px) 100vw, 1024px\" \/><\/figure>\n\n\n\n<p><strong>Calendrier 2025\/2026<\/strong><\/p>\n\n\n\n<ul class=\"wp-block-list\">\n<li>4 octobre<\/li>\n\n\n\n<li>17 janvier<\/li>\n<\/ul>\n<\/div>\n\n\n\n<div class=\"wp-block-column is-layout-flow wp-block-column-is-layout-flow\" style=\"flex-basis:66.66%\">\n<p><em>&#8220;Version de cuisine de la lithographie (bas\u00e9e sur la r\u00e9pulsion du gras et de l&#8217;eau), la Kitchen litho se pratique sur papier d&#8217;aluminium, avec des mati\u00e8res grasses et du Coca ! Avant de le reproduire chez soi, on se propose de vous transmettre les bases de la technique avec le confort de l&#8217;atelier et de la presse. En kitchen litho, pas de reproduction pr\u00e9cise d&#8217;une illustration. On vient dessiner l&#8217;image directement sur l&#8217;alu et profiter d&#8217;un peu de l\u00e2cher prise pour jouer avec des mati\u00e8res et de l&#8217;inattendu. Comme le support est relativement peu cher, on peut se tromper et recommencer, il y a peu d&#8217;enjeu \u00e0 rater une plaque et \u00e7a, \u00e7a lib\u00e8re! On peut faire plusieurs dizaines de tirages, pas de pr\u00e9 requis de dessin ou de gravure, tout d\u00e9butant.e bienvenu.e. \u00bb<br>Camille Laforcen\u00e9e<\/em><\/p>\n\n\n\n<p>D\u00e9roulement du stage :<\/p>\n\n\n\n<ul class=\"wp-block-list\">\n<li>Le matin : pr\u00e9sentation de la technique (principe de la lithographie, mat\u00e9riel, outils), observation d\u2019exemples de r\u00e9alisations et d\u00e9but de pr\u00e9paration des plaques.<\/li>\n\n\n\n<li>L\u2019apr\u00e8s-midi : Suite de la pr\u00e9paration des plaques, encrages et tirages.<\/li>\n<\/ul>\n\n\n\n<p>Selon le rythme et les envies, avec trois presses \u00e0 disposition, il devrait \u00eatre possible de faire plusieurs images par personne en une journ\u00e9e.<\/p>\n\n\n\n<p>Intervenante : Camille Laforcen\u00e9e<br>Horaires : 10h\/17h<\/p>\n\n\n\n<div class=\"wp-block-group is-layout-constrained wp-container-core-group-is-layout-19e250f3 wp-block-group-is-layout-constrained\">\n<p>Tarif unique : 60\u20ac + 15\u20ac d\u2019adh\u00e9sion \u00e0 l\u2019association si vous n\u2019\u00eates pas encore adh\u00e9rent<\/p>\n\n\n\n<p><em>Ce tarif comprend la totalit\u00e9 du mat\u00e9riel requis pour le stage (encres, solvants, supports, papier\u2026).<\/em><\/p>\n\n\n\n<p><em>Il est n\u00e9cessaire de <a href=\"mailto:info@atelierdelamaingauche.fr\">vous <\/a><a href=\"mailto:laforcenee@gmail.com\">inscrire<\/a> pour participer \u00e0 ces stages.<\/em><\/p>\n<\/div>\n\n\n\n<p>Le site de Camille Laforcen\u00e9e : <a href=\"https:\/\/camillelaforcenee.com\/\">camillelaforcenee.com<\/a><\/p>\n<\/div>\n<\/div>\n","protected":false},"excerpt":{"rendered":"<p>Calendrier 2025\/2026 &#8220;Version de cuisine de la lithographie (bas\u00e9e sur la r\u00e9pulsion du gras et de l&#8217;eau), la Kitchen litho se pratique sur papier d&#8217;aluminium, avec des mati\u00e8res grasses et du Coca ! Avant de le reproduire chez soi, on se propose de vous transmettre les bases de la technique avec le confort de l&#8217;atelier [&hellip;]<\/p>\n","protected":false},"author":1,"featured_media":0,"parent":159,"menu_order":6,"comment_status":"closed","ping_status":"closed","template":"","meta":{"footnotes":""},"class_list":["post-217","page","type-page","status-publish","hentry"],"_links":{"self":[{"href":"http:\/\/atelierdelamaingauche.fr\/index.php\/wp-json\/wp\/v2\/pages\/217","targetHints":{"allow":["GET"]}}],"collection":[{"href":"http:\/\/atelierdelamaingauche.fr\/index.php\/wp-json\/wp\/v2\/pages"}],"about":[{"href":"http:\/\/atelierdelamaingauche.fr\/index.php\/wp-json\/wp\/v2\/types\/page"}],"author":[{"embeddable":true,"href":"http:\/\/atelierdelamaingauche.fr\/index.php\/wp-json\/wp\/v2\/users\/1"}],"replies":[{"embeddable":true,"href":"http:\/\/atelierdelamaingauche.fr\/index.php\/wp-json\/wp\/v2\/comments?post=217"}],"version-history":[{"count":9,"href":"http:\/\/atelierdelamaingauche.fr\/index.php\/wp-json\/wp\/v2\/pages\/217\/revisions"}],"predecessor-version":[{"id":615,"href":"http:\/\/atelierdelamaingauche.fr\/index.php\/wp-json\/wp\/v2\/pages\/217\/revisions\/615"}],"up":[{"embeddable":true,"href":"http:\/\/atelierdelamaingauche.fr\/index.php\/wp-json\/wp\/v2\/pages\/159"}],"wp:attachment":[{"href":"http:\/\/atelierdelamaingauche.fr\/index.php\/wp-json\/wp\/v2\/media?parent=217"}],"curies":[{"name":"wp","href":"https:\/\/api.w.org\/{rel}","templated":true}]}}