{"id":305,"date":"2023-08-11T19:15:07","date_gmt":"2023-08-11T17:15:07","guid":{"rendered":"http:\/\/atelierdelamaingauche.fr\/?page_id=305"},"modified":"2023-08-13T19:12:56","modified_gmt":"2023-08-13T17:12:56","slug":"evelyne-maubert","status":"publish","type":"page","link":"http:\/\/atelierdelamaingauche.fr\/index.php\/artistes-residents\/evelyne-maubert\/","title":{"rendered":"Evelyne Maubert"},"content":{"rendered":"\n<p>Graver pour faire du temps son alli\u00e9, comme un refus de l\u2019acc\u00e9l\u00e9ration des rythmes de vie. On retient son souffle pour entendre le murmure de l\u2019image \u00e0 venir. Graver pour compl\u00e9ter une d\u00e9marche artistique. Faire un pas de cot\u00e9 en s\u2019attaquant aux monotypes. Leurs noirs intenses, profonds, mordants, expriment un dynamisme bouillonnant. La ma\u00eetrise et l\u2019impr\u00e9visible se c\u00f4toient.<\/p>\n\n\n\n<p>L\u2019Atelier de la Main Gauche, c\u2019est l\u2019acc\u00e8s \u00e0 ce formidable terrain d\u2019expression ! On s\u2019y retrouve, on mange ensemble, on rigole, on \u00e9change, on se d\u00e9fait momentan\u00e9ment de notre peau solitaire d\u2019artiste.<\/p>\n\n\n\n<p>Le site d&#8217;Evelyne Maubert : <a href=\"http:\/\/www.evelyne-maubert.fr\">www.evelyne-maubert.fr<\/a><\/p>\n\n\n\n<p>Sur Instagram : <a href=\"https:\/\/www.instagram.com\/evmaubert\/\">https:\/\/www.instagram.com\/evmaubert\/<\/a><\/p>\n\n\n\n<p>Sur Facebook : <a href=\"https:\/\/www.facebook.com\/evelyne.maubert.artiste\/\">https:\/\/www.facebook.com\/evelyne.maubert.artiste\/<\/a><\/p>\n\n\n\n<p><\/p>\n\n\n\n<figure class=\"wp-block-gallery has-nested-images columns-default is-cropped wp-block-gallery-1 is-layout-flex wp-block-gallery-is-layout-flex\">\n<figure class=\"wp-block-image size-large\"><a href=\"http:\/\/atelierdelamaingauche.fr\/wp-content\/uploads\/2023\/07\/Lune.-Monotype-20x23-1-edited.jpg\"><img fetchpriority=\"high\" decoding=\"async\" width=\"1024\" height=\"1024\" data-id=\"279\" src=\"http:\/\/atelierdelamaingauche.fr\/wp-content\/uploads\/2023\/07\/Lune.-Monotype-20x23-1-edited-1024x1024.jpg\" alt=\"\" class=\"wp-image-279\" srcset=\"http:\/\/atelierdelamaingauche.fr\/wp-content\/uploads\/2023\/07\/Lune.-Monotype-20x23-1-edited-1024x1024.jpg 1024w, http:\/\/atelierdelamaingauche.fr\/wp-content\/uploads\/2023\/07\/Lune.-Monotype-20x23-1-edited-300x300.jpg 300w, http:\/\/atelierdelamaingauche.fr\/wp-content\/uploads\/2023\/07\/Lune.-Monotype-20x23-1-edited-150x150.jpg 150w, http:\/\/atelierdelamaingauche.fr\/wp-content\/uploads\/2023\/07\/Lune.-Monotype-20x23-1-edited-768x769.jpg 768w, http:\/\/atelierdelamaingauche.fr\/wp-content\/uploads\/2023\/07\/Lune.-Monotype-20x23-1-edited-1170x1171.jpg 1170w, http:\/\/atelierdelamaingauche.fr\/wp-content\/uploads\/2023\/07\/Lune.-Monotype-20x23-1-edited.jpg 1260w\" sizes=\"(max-width: 1024px) 100vw, 1024px\" \/><\/a><\/figure>\n\n\n\n<figure class=\"wp-block-image size-large\"><a href=\"http:\/\/atelierdelamaingauche.fr\/wp-content\/uploads\/2023\/08\/Au-dela-des-limites.-Monotype-11x-11-cm.jpg\" target=\"_blank\" rel=\"noopener\"><img decoding=\"async\" width=\"945\" height=\"945\" data-id=\"306\" src=\"http:\/\/atelierdelamaingauche.fr\/wp-content\/uploads\/2023\/08\/Au-dela-des-limites.-Monotype-11x-11-cm.jpg\" alt=\"\" class=\"wp-image-306\" srcset=\"http:\/\/atelierdelamaingauche.fr\/wp-content\/uploads\/2023\/08\/Au-dela-des-limites.-Monotype-11x-11-cm.jpg 945w, http:\/\/atelierdelamaingauche.fr\/wp-content\/uploads\/2023\/08\/Au-dela-des-limites.-Monotype-11x-11-cm-300x300.jpg 300w, http:\/\/atelierdelamaingauche.fr\/wp-content\/uploads\/2023\/08\/Au-dela-des-limites.-Monotype-11x-11-cm-150x150.jpg 150w, http:\/\/atelierdelamaingauche.fr\/wp-content\/uploads\/2023\/08\/Au-dela-des-limites.-Monotype-11x-11-cm-768x768.jpg 768w\" sizes=\"(max-width: 945px) 100vw, 945px\" \/><\/a><\/figure>\n\n\n\n<figure class=\"wp-block-image size-large\"><a href=\"http:\/\/atelierdelamaingauche.fr\/wp-content\/uploads\/2023\/08\/Ecoute-moi-.-Monotype-11-x-11-cm.jpg\" target=\"_blank\" rel=\"noopener\"><img decoding=\"async\" width=\"945\" height=\"938\" data-id=\"307\" src=\"http:\/\/atelierdelamaingauche.fr\/wp-content\/uploads\/2023\/08\/Ecoute-moi-.-Monotype-11-x-11-cm.jpg\" alt=\"\" class=\"wp-image-307\" srcset=\"http:\/\/atelierdelamaingauche.fr\/wp-content\/uploads\/2023\/08\/Ecoute-moi-.-Monotype-11-x-11-cm.jpg 945w, http:\/\/atelierdelamaingauche.fr\/wp-content\/uploads\/2023\/08\/Ecoute-moi-.-Monotype-11-x-11-cm-300x298.jpg 300w, http:\/\/atelierdelamaingauche.fr\/wp-content\/uploads\/2023\/08\/Ecoute-moi-.-Monotype-11-x-11-cm-150x150.jpg 150w, http:\/\/atelierdelamaingauche.fr\/wp-content\/uploads\/2023\/08\/Ecoute-moi-.-Monotype-11-x-11-cm-768x762.jpg 768w\" sizes=\"(max-width: 945px) 100vw, 945px\" \/><\/a><\/figure>\n\n\n\n<figure class=\"wp-block-image size-large\"><a href=\"http:\/\/atelierdelamaingauche.fr\/wp-content\/uploads\/2023\/08\/En-foret.-Monotype-11x11-cm.jpg\" target=\"_blank\" rel=\"noopener\"><img loading=\"lazy\" decoding=\"async\" width=\"756\" height=\"741\" data-id=\"308\" src=\"http:\/\/atelierdelamaingauche.fr\/wp-content\/uploads\/2023\/08\/En-foret.-Monotype-11x11-cm.jpg\" alt=\"\" class=\"wp-image-308\" srcset=\"http:\/\/atelierdelamaingauche.fr\/wp-content\/uploads\/2023\/08\/En-foret.-Monotype-11x11-cm.jpg 756w, http:\/\/atelierdelamaingauche.fr\/wp-content\/uploads\/2023\/08\/En-foret.-Monotype-11x11-cm-300x294.jpg 300w\" sizes=\"(max-width: 756px) 100vw, 756px\" \/><\/a><\/figure>\n\n\n\n<figure class=\"wp-block-image size-large\"><a href=\"http:\/\/atelierdelamaingauche.fr\/wp-content\/uploads\/2023\/08\/LHomme-aux-bois.-Monotype-11x11-cm.jpg\" target=\"_blank\" rel=\"noopener\"><img loading=\"lazy\" decoding=\"async\" width=\"945\" height=\"939\" data-id=\"309\" src=\"http:\/\/atelierdelamaingauche.fr\/wp-content\/uploads\/2023\/08\/LHomme-aux-bois.-Monotype-11x11-cm.jpg\" alt=\"\" class=\"wp-image-309\" srcset=\"http:\/\/atelierdelamaingauche.fr\/wp-content\/uploads\/2023\/08\/LHomme-aux-bois.-Monotype-11x11-cm.jpg 945w, http:\/\/atelierdelamaingauche.fr\/wp-content\/uploads\/2023\/08\/LHomme-aux-bois.-Monotype-11x11-cm-300x298.jpg 300w, http:\/\/atelierdelamaingauche.fr\/wp-content\/uploads\/2023\/08\/LHomme-aux-bois.-Monotype-11x11-cm-150x150.jpg 150w, http:\/\/atelierdelamaingauche.fr\/wp-content\/uploads\/2023\/08\/LHomme-aux-bois.-Monotype-11x11-cm-768x763.jpg 768w\" sizes=\"(max-width: 945px) 100vw, 945px\" \/><\/a><\/figure>\n\n\n\n<figure class=\"wp-block-image size-large\"><a href=\"http:\/\/atelierdelamaingauche.fr\/wp-content\/uploads\/2023\/08\/Mother.-Pointe-seche-32x21-cm.jpg\" target=\"_blank\" rel=\"noopener\"><img loading=\"lazy\" decoding=\"async\" width=\"804\" height=\"1024\" data-id=\"310\" src=\"http:\/\/atelierdelamaingauche.fr\/wp-content\/uploads\/2023\/08\/Mother.-Pointe-seche-32x21-cm-804x1024.jpg\" alt=\"\" class=\"wp-image-310\" srcset=\"http:\/\/atelierdelamaingauche.fr\/wp-content\/uploads\/2023\/08\/Mother.-Pointe-seche-32x21-cm-804x1024.jpg 804w, http:\/\/atelierdelamaingauche.fr\/wp-content\/uploads\/2023\/08\/Mother.-Pointe-seche-32x21-cm-236x300.jpg 236w, http:\/\/atelierdelamaingauche.fr\/wp-content\/uploads\/2023\/08\/Mother.-Pointe-seche-32x21-cm-768x978.jpg 768w, http:\/\/atelierdelamaingauche.fr\/wp-content\/uploads\/2023\/08\/Mother.-Pointe-seche-32x21-cm-1206x1536.jpg 1206w, http:\/\/atelierdelamaingauche.fr\/wp-content\/uploads\/2023\/08\/Mother.-Pointe-seche-32x21-cm-1170x1490.jpg 1170w, http:\/\/atelierdelamaingauche.fr\/wp-content\/uploads\/2023\/08\/Mother.-Pointe-seche-32x21-cm.jpg 1260w\" sizes=\"(max-width: 804px) 100vw, 804px\" \/><\/a><\/figure>\n\n\n\n<figure class=\"wp-block-image size-large\"><a href=\"http:\/\/atelierdelamaingauche.fr\/wp-content\/uploads\/2023\/08\/Petite-Terre-.-Pointe-seche-et-chine-colle.-22x25-cm.jpg\" target=\"_blank\" rel=\"noopener\"><img loading=\"lazy\" decoding=\"async\" width=\"905\" height=\"1024\" data-id=\"311\" src=\"http:\/\/atelierdelamaingauche.fr\/wp-content\/uploads\/2023\/08\/Petite-Terre-.-Pointe-seche-et-chine-colle.-22x25-cm-905x1024.jpg\" alt=\"\" class=\"wp-image-311\" srcset=\"http:\/\/atelierdelamaingauche.fr\/wp-content\/uploads\/2023\/08\/Petite-Terre-.-Pointe-seche-et-chine-colle.-22x25-cm-905x1024.jpg 905w, http:\/\/atelierdelamaingauche.fr\/wp-content\/uploads\/2023\/08\/Petite-Terre-.-Pointe-seche-et-chine-colle.-22x25-cm-265x300.jpg 265w, http:\/\/atelierdelamaingauche.fr\/wp-content\/uploads\/2023\/08\/Petite-Terre-.-Pointe-seche-et-chine-colle.-22x25-cm-768x869.jpg 768w, http:\/\/atelierdelamaingauche.fr\/wp-content\/uploads\/2023\/08\/Petite-Terre-.-Pointe-seche-et-chine-colle.-22x25-cm-1170x1323.jpg 1170w, http:\/\/atelierdelamaingauche.fr\/wp-content\/uploads\/2023\/08\/Petite-Terre-.-Pointe-seche-et-chine-colle.-22x25-cm.jpg 1260w\" sizes=\"(max-width: 905px) 100vw, 905px\" \/><\/a><\/figure>\n\n\n\n<figure class=\"wp-block-image size-large\"><a href=\"http:\/\/atelierdelamaingauche.fr\/wp-content\/uploads\/2023\/08\/Quitter-le-nid.-Pointe-seche-33-x14-cm.jpg\" target=\"_blank\" rel=\"noopener\"><img loading=\"lazy\" decoding=\"async\" width=\"726\" height=\"1024\" data-id=\"312\" src=\"http:\/\/atelierdelamaingauche.fr\/wp-content\/uploads\/2023\/08\/Quitter-le-nid.-Pointe-seche-33-x14-cm-726x1024.jpg\" alt=\"\" class=\"wp-image-312\" srcset=\"http:\/\/atelierdelamaingauche.fr\/wp-content\/uploads\/2023\/08\/Quitter-le-nid.-Pointe-seche-33-x14-cm-726x1024.jpg 726w, http:\/\/atelierdelamaingauche.fr\/wp-content\/uploads\/2023\/08\/Quitter-le-nid.-Pointe-seche-33-x14-cm-213x300.jpg 213w, http:\/\/atelierdelamaingauche.fr\/wp-content\/uploads\/2023\/08\/Quitter-le-nid.-Pointe-seche-33-x14-cm-768x1083.jpg 768w, http:\/\/atelierdelamaingauche.fr\/wp-content\/uploads\/2023\/08\/Quitter-le-nid.-Pointe-seche-33-x14-cm-1090x1536.jpg 1090w, http:\/\/atelierdelamaingauche.fr\/wp-content\/uploads\/2023\/08\/Quitter-le-nid.-Pointe-seche-33-x14-cm-1170x1649.jpg 1170w, http:\/\/atelierdelamaingauche.fr\/wp-content\/uploads\/2023\/08\/Quitter-le-nid.-Pointe-seche-33-x14-cm.jpg 1260w\" sizes=\"(max-width: 726px) 100vw, 726px\" \/><\/a><\/figure>\n<\/figure>\n","protected":false},"excerpt":{"rendered":"<p>Graver pour faire du temps son alli\u00e9, comme un refus de l\u2019acc\u00e9l\u00e9ration des rythmes de vie. On retient son souffle pour entendre le murmure de l\u2019image \u00e0 venir. Graver pour compl\u00e9ter une d\u00e9marche artistique. Faire un pas de cot\u00e9 en s\u2019attaquant aux monotypes. Leurs noirs intenses, profonds, mordants, expriment un dynamisme bouillonnant. La ma\u00eetrise et [&hellip;]<\/p>\n","protected":false},"author":1,"featured_media":0,"parent":45,"menu_order":0,"comment_status":"closed","ping_status":"closed","template":"","meta":{"footnotes":""},"class_list":["post-305","page","type-page","status-publish","hentry"],"_links":{"self":[{"href":"http:\/\/atelierdelamaingauche.fr\/index.php\/wp-json\/wp\/v2\/pages\/305","targetHints":{"allow":["GET"]}}],"collection":[{"href":"http:\/\/atelierdelamaingauche.fr\/index.php\/wp-json\/wp\/v2\/pages"}],"about":[{"href":"http:\/\/atelierdelamaingauche.fr\/index.php\/wp-json\/wp\/v2\/types\/page"}],"author":[{"embeddable":true,"href":"http:\/\/atelierdelamaingauche.fr\/index.php\/wp-json\/wp\/v2\/users\/1"}],"replies":[{"embeddable":true,"href":"http:\/\/atelierdelamaingauche.fr\/index.php\/wp-json\/wp\/v2\/comments?post=305"}],"version-history":[{"count":10,"href":"http:\/\/atelierdelamaingauche.fr\/index.php\/wp-json\/wp\/v2\/pages\/305\/revisions"}],"predecessor-version":[{"id":427,"href":"http:\/\/atelierdelamaingauche.fr\/index.php\/wp-json\/wp\/v2\/pages\/305\/revisions\/427"}],"up":[{"embeddable":true,"href":"http:\/\/atelierdelamaingauche.fr\/index.php\/wp-json\/wp\/v2\/pages\/45"}],"wp:attachment":[{"href":"http:\/\/atelierdelamaingauche.fr\/index.php\/wp-json\/wp\/v2\/media?parent=305"}],"curies":[{"name":"wp","href":"https:\/\/api.w.org\/{rel}","templated":true}]}}