{"id":382,"date":"2023-08-13T18:55:32","date_gmt":"2023-08-13T16:55:32","guid":{"rendered":"http:\/\/atelierdelamaingauche.fr\/?page_id=382"},"modified":"2023-08-13T18:55:32","modified_gmt":"2023-08-13T16:55:32","slug":"aurore","status":"publish","type":"page","link":"http:\/\/atelierdelamaingauche.fr\/index.php\/artistes-residents\/aurore\/","title":{"rendered":"Aur\u00d4re"},"content":{"rendered":"\n<p>N\u00e9e en 1979, jurassienne, entre froid, sapins et cryos\u00e9\u00efsme.<\/p>\n\n\n\n<p>Emport\u00e9e tr\u00e8s t\u00f4t par la pulsion cr\u00e9ative, la transformation et la sublimation ont trouv\u00e9 leur chemin \u00e0 travers diff\u00e9rents m\u00e9dias&nbsp;: la photographie argentique, la peinture \u00e0 l\u2019huile, le chant et la MAO et aujourd\u2019hui la gravure. Ce qui m\u2019int\u00e9resse avant tout est la trace, l\u2019empreinte, le besoin de mat\u00e9rialiser une \u00e9motion et la multiplicit\u00e9. La finesse que m\u2019offre l\u2019eau forte est incomparable. Son proc\u00e9d\u00e9 \u00ab&nbsp;romantique&nbsp;\u00bb ouvre sur un temps lent&nbsp;; on ne peut \u00ab&nbsp;estamper&nbsp;\u00bb rapidement car la technique impose un temps d\u2019approche, de d\u00e9couverte, de s\u00e9duction et enfin d\u2019\u00e9pousailles de la mati\u00e8re. Temps devenu luxueux en ce si\u00e8cle o\u00f9 tout va vite. La gravure m\u2019apaise et m\u2019impose son temps \u00e0 elle.<\/p>\n\n\n\n<p>Tout est possible, ou presque.<\/p>\n\n\n\n<p>L\u2019atelier de la Main Gauche que je fr\u00e9quente depuis 2013 est un havre p\u00e9tillant de cr\u00e9ativit\u00e9, de mouvements, silences et de rires \u00e0 luettes d\u00e9ploy\u00e9es&nbsp;! Lieu de rencontre avec soi et avec d\u2019autres artistes comme une plong\u00e9e dans un univers bigarr\u00e9, multiple, toujours tr\u00e8s exhortant.<\/p>\n\n\n\n<figure class=\"wp-block-gallery has-nested-images columns-3 wp-block-gallery-1 is-layout-flex wp-block-gallery-is-layout-flex\">\n<figure class=\"wp-block-image size-large\"><a href=\"http:\/\/atelierdelamaingauche.fr\/wp-content\/uploads\/2023\/08\/20200812_130455.jpg\"><img fetchpriority=\"high\" decoding=\"async\" width=\"986\" height=\"1024\" data-id=\"383\" src=\"http:\/\/atelierdelamaingauche.fr\/wp-content\/uploads\/2023\/08\/20200812_130455-986x1024.jpg\" alt=\"\" class=\"wp-image-383\" srcset=\"http:\/\/atelierdelamaingauche.fr\/wp-content\/uploads\/2023\/08\/20200812_130455-986x1024.jpg 986w, http:\/\/atelierdelamaingauche.fr\/wp-content\/uploads\/2023\/08\/20200812_130455-289x300.jpg 289w, http:\/\/atelierdelamaingauche.fr\/wp-content\/uploads\/2023\/08\/20200812_130455-768x798.jpg 768w, http:\/\/atelierdelamaingauche.fr\/wp-content\/uploads\/2023\/08\/20200812_130455-1479x1536.jpg 1479w, http:\/\/atelierdelamaingauche.fr\/wp-content\/uploads\/2023\/08\/20200812_130455-1972x2048.jpg 1972w, http:\/\/atelierdelamaingauche.fr\/wp-content\/uploads\/2023\/08\/20200812_130455-1170x1215.jpg 1170w\" sizes=\"(max-width: 986px) 100vw, 986px\" \/><\/a><\/figure>\n\n\n\n<figure class=\"wp-block-image size-large\"><a href=\"http:\/\/atelierdelamaingauche.fr\/wp-content\/uploads\/2023\/08\/20210131_114135-scaled.jpg\"><img decoding=\"async\" width=\"619\" height=\"1024\" data-id=\"384\" src=\"http:\/\/atelierdelamaingauche.fr\/wp-content\/uploads\/2023\/08\/20210131_114135-619x1024.jpg\" alt=\"\" class=\"wp-image-384\" srcset=\"http:\/\/atelierdelamaingauche.fr\/wp-content\/uploads\/2023\/08\/20210131_114135-619x1024.jpg 619w, http:\/\/atelierdelamaingauche.fr\/wp-content\/uploads\/2023\/08\/20210131_114135-181x300.jpg 181w, http:\/\/atelierdelamaingauche.fr\/wp-content\/uploads\/2023\/08\/20210131_114135-768x1271.jpg 768w, http:\/\/atelierdelamaingauche.fr\/wp-content\/uploads\/2023\/08\/20210131_114135-928x1536.jpg 928w, http:\/\/atelierdelamaingauche.fr\/wp-content\/uploads\/2023\/08\/20210131_114135-1237x2048.jpg 1237w, http:\/\/atelierdelamaingauche.fr\/wp-content\/uploads\/2023\/08\/20210131_114135-1170x1937.jpg 1170w, http:\/\/atelierdelamaingauche.fr\/wp-content\/uploads\/2023\/08\/20210131_114135-scaled.jpg 1547w\" sizes=\"(max-width: 619px) 100vw, 619px\" \/><\/a><\/figure>\n\n\n\n<figure class=\"wp-block-image size-large\"><a href=\"http:\/\/atelierdelamaingauche.fr\/wp-content\/uploads\/2023\/08\/20210131_174808-scaled.jpg\"><img decoding=\"async\" width=\"1024\" height=\"668\" data-id=\"385\" src=\"http:\/\/atelierdelamaingauche.fr\/wp-content\/uploads\/2023\/08\/20210131_174808-1024x668.jpg\" alt=\"\" class=\"wp-image-385\" srcset=\"http:\/\/atelierdelamaingauche.fr\/wp-content\/uploads\/2023\/08\/20210131_174808-1024x668.jpg 1024w, http:\/\/atelierdelamaingauche.fr\/wp-content\/uploads\/2023\/08\/20210131_174808-300x196.jpg 300w, http:\/\/atelierdelamaingauche.fr\/wp-content\/uploads\/2023\/08\/20210131_174808-768x501.jpg 768w, http:\/\/atelierdelamaingauche.fr\/wp-content\/uploads\/2023\/08\/20210131_174808-1536x1002.jpg 1536w, http:\/\/atelierdelamaingauche.fr\/wp-content\/uploads\/2023\/08\/20210131_174808-2048x1337.jpg 2048w, http:\/\/atelierdelamaingauche.fr\/wp-content\/uploads\/2023\/08\/20210131_174808-1170x764.jpg 1170w\" sizes=\"(max-width: 1024px) 100vw, 1024px\" \/><\/a><\/figure>\n\n\n\n<figure class=\"wp-block-image size-large\"><a href=\"http:\/\/atelierdelamaingauche.fr\/wp-content\/uploads\/2023\/08\/20210224_195204-scaled.jpg\"><img loading=\"lazy\" decoding=\"async\" width=\"1024\" height=\"862\" data-id=\"386\" src=\"http:\/\/atelierdelamaingauche.fr\/wp-content\/uploads\/2023\/08\/20210224_195204-1024x862.jpg\" alt=\"\" class=\"wp-image-386\" srcset=\"http:\/\/atelierdelamaingauche.fr\/wp-content\/uploads\/2023\/08\/20210224_195204-1024x862.jpg 1024w, http:\/\/atelierdelamaingauche.fr\/wp-content\/uploads\/2023\/08\/20210224_195204-300x253.jpg 300w, http:\/\/atelierdelamaingauche.fr\/wp-content\/uploads\/2023\/08\/20210224_195204-768x647.jpg 768w, http:\/\/atelierdelamaingauche.fr\/wp-content\/uploads\/2023\/08\/20210224_195204-1536x1293.jpg 1536w, http:\/\/atelierdelamaingauche.fr\/wp-content\/uploads\/2023\/08\/20210224_195204-2048x1724.jpg 2048w, http:\/\/atelierdelamaingauche.fr\/wp-content\/uploads\/2023\/08\/20210224_195204-1170x985.jpg 1170w\" sizes=\"(max-width: 1024px) 100vw, 1024px\" \/><\/a><\/figure>\n\n\n\n<figure class=\"wp-block-image size-large\"><a href=\"http:\/\/atelierdelamaingauche.fr\/wp-content\/uploads\/2023\/08\/20210602_130431-scaled.jpg\"><img loading=\"lazy\" decoding=\"async\" width=\"858\" height=\"1024\" data-id=\"387\" src=\"http:\/\/atelierdelamaingauche.fr\/wp-content\/uploads\/2023\/08\/20210602_130431-858x1024.jpg\" alt=\"\" class=\"wp-image-387\" srcset=\"http:\/\/atelierdelamaingauche.fr\/wp-content\/uploads\/2023\/08\/20210602_130431-858x1024.jpg 858w, http:\/\/atelierdelamaingauche.fr\/wp-content\/uploads\/2023\/08\/20210602_130431-252x300.jpg 252w, http:\/\/atelierdelamaingauche.fr\/wp-content\/uploads\/2023\/08\/20210602_130431-768x916.jpg 768w, http:\/\/atelierdelamaingauche.fr\/wp-content\/uploads\/2023\/08\/20210602_130431-1288x1536.jpg 1288w, http:\/\/atelierdelamaingauche.fr\/wp-content\/uploads\/2023\/08\/20210602_130431-1717x2048.jpg 1717w, http:\/\/atelierdelamaingauche.fr\/wp-content\/uploads\/2023\/08\/20210602_130431-1170x1396.jpg 1170w\" sizes=\"(max-width: 858px) 100vw, 858px\" \/><\/a><\/figure>\n\n\n\n<figure class=\"wp-block-image size-large\"><a href=\"http:\/\/atelierdelamaingauche.fr\/wp-content\/uploads\/2023\/08\/Leprise-scaled.jpg\"><img loading=\"lazy\" decoding=\"async\" width=\"774\" height=\"1024\" data-id=\"388\" src=\"http:\/\/atelierdelamaingauche.fr\/wp-content\/uploads\/2023\/08\/Leprise-774x1024.jpg\" alt=\"\" class=\"wp-image-388\" srcset=\"http:\/\/atelierdelamaingauche.fr\/wp-content\/uploads\/2023\/08\/Leprise-774x1024.jpg 774w, http:\/\/atelierdelamaingauche.fr\/wp-content\/uploads\/2023\/08\/Leprise-227x300.jpg 227w, http:\/\/atelierdelamaingauche.fr\/wp-content\/uploads\/2023\/08\/Leprise-768x1016.jpg 768w, http:\/\/atelierdelamaingauche.fr\/wp-content\/uploads\/2023\/08\/Leprise-1161x1536.jpg 1161w, http:\/\/atelierdelamaingauche.fr\/wp-content\/uploads\/2023\/08\/Leprise-1548x2048.jpg 1548w, http:\/\/atelierdelamaingauche.fr\/wp-content\/uploads\/2023\/08\/Leprise-1170x1548.jpg 1170w, http:\/\/atelierdelamaingauche.fr\/wp-content\/uploads\/2023\/08\/Leprise-scaled.jpg 1935w\" sizes=\"(max-width: 774px) 100vw, 774px\" \/><\/a><\/figure>\n<\/figure>\n","protected":false},"excerpt":{"rendered":"<p>N\u00e9e en 1979, jurassienne, entre froid, sapins et cryos\u00e9\u00efsme. Emport\u00e9e tr\u00e8s t\u00f4t par la pulsion cr\u00e9ative, la transformation et la sublimation ont trouv\u00e9 leur chemin \u00e0 travers diff\u00e9rents m\u00e9dias&nbsp;: la photographie argentique, la peinture \u00e0 l\u2019huile, le chant et la MAO et aujourd\u2019hui la gravure. Ce qui m\u2019int\u00e9resse avant tout est la trace, l\u2019empreinte, le [&hellip;]<\/p>\n","protected":false},"author":1,"featured_media":0,"parent":45,"menu_order":0,"comment_status":"closed","ping_status":"closed","template":"","meta":{"footnotes":""},"class_list":["post-382","page","type-page","status-publish","hentry"],"_links":{"self":[{"href":"http:\/\/atelierdelamaingauche.fr\/index.php\/wp-json\/wp\/v2\/pages\/382","targetHints":{"allow":["GET"]}}],"collection":[{"href":"http:\/\/atelierdelamaingauche.fr\/index.php\/wp-json\/wp\/v2\/pages"}],"about":[{"href":"http:\/\/atelierdelamaingauche.fr\/index.php\/wp-json\/wp\/v2\/types\/page"}],"author":[{"embeddable":true,"href":"http:\/\/atelierdelamaingauche.fr\/index.php\/wp-json\/wp\/v2\/users\/1"}],"replies":[{"embeddable":true,"href":"http:\/\/atelierdelamaingauche.fr\/index.php\/wp-json\/wp\/v2\/comments?post=382"}],"version-history":[{"count":1,"href":"http:\/\/atelierdelamaingauche.fr\/index.php\/wp-json\/wp\/v2\/pages\/382\/revisions"}],"predecessor-version":[{"id":389,"href":"http:\/\/atelierdelamaingauche.fr\/index.php\/wp-json\/wp\/v2\/pages\/382\/revisions\/389"}],"up":[{"embeddable":true,"href":"http:\/\/atelierdelamaingauche.fr\/index.php\/wp-json\/wp\/v2\/pages\/45"}],"wp:attachment":[{"href":"http:\/\/atelierdelamaingauche.fr\/index.php\/wp-json\/wp\/v2\/media?parent=382"}],"curies":[{"name":"wp","href":"https:\/\/api.w.org\/{rel}","templated":true}]}}