{"id":407,"date":"2023-08-13T19:05:39","date_gmt":"2023-08-13T17:05:39","guid":{"rendered":"http:\/\/atelierdelamaingauche.fr\/?page_id=407"},"modified":"2023-08-13T19:05:39","modified_gmt":"2023-08-13T17:05:39","slug":"muriel-bo","status":"publish","type":"page","link":"http:\/\/atelierdelamaingauche.fr\/index.php\/artistes-residents\/muriel-bo\/","title":{"rendered":"Muriel Bo"},"content":{"rendered":"\n<p class=\"has-text-align-left\">Je suis venue \u00e0 la gravure apr\u00e8s un long d\u00e9tour par la peinture \u00e0 l\u2019huile, l\u2019acrylique et le<br>collage.<\/p>\n\n\n\n<p class=\"has-text-align-left\">Adh\u00e9rente \u00e0 La Main Gauche, je travaille aussi en Ari\u00e8ge dans mon Atelier des<br>Cimes : j\u2019y ai install\u00e9 ma presse mobile-la \u00ab Petite \u00bb Gary Thibeau &#8211; et c\u2019est l\u00e0-bas que je<br>m\u00e8ne mes recherches au long cours et organise des stages d\u2019initiation l\u2019\u00e9t\u00e9.<\/p>\n\n\n\n<p class=\"has-text-align-left\">J&#8217;aime combiner la gravure \u00e0 d&#8217;autres techniques d&#8217;impression comme le cyanotype, la<br>s\u00e9rigraphie, ou d\u2019expression comme le texte et le textile.<\/p>\n\n\n\n<p class=\"has-text-align-left\">Je travaille par s\u00e9ries : en 2019 et 2020, mes gravures et s\u00e9rigraphies tournaient autour du<br>th\u00e8me de la maison. Depuis, j\u2019explore le th\u00e8me de \u201cLa Femme Int\u00e9rieure Libre\u201d (FIL): en<br>m\u00ealant gravure,photos, couture et broderie, je m\u2019interroge sur la transmission, la charge<br>mentale, la place et le poids du linge et des t\u00e2ches \u201cdomestiques\u201d dans la vie d\u2019une femme<\/p>\n\n\n\n<figure class=\"wp-block-gallery has-nested-images columns-default is-cropped wp-block-gallery-1 is-layout-flex wp-block-gallery-is-layout-flex\">\n<figure class=\"wp-block-image size-large\"><a href=\"http:\/\/atelierdelamaingauche.fr\/wp-content\/uploads\/2023\/08\/7DC424CF-1AC3-4D69-8A61-5C6FF61CC10E-scaled.jpg\"><img fetchpriority=\"high\" decoding=\"async\" width=\"1024\" height=\"735\" data-id=\"408\" src=\"http:\/\/atelierdelamaingauche.fr\/wp-content\/uploads\/2023\/08\/7DC424CF-1AC3-4D69-8A61-5C6FF61CC10E-1024x735.jpg\" alt=\"\" class=\"wp-image-408\" srcset=\"http:\/\/atelierdelamaingauche.fr\/wp-content\/uploads\/2023\/08\/7DC424CF-1AC3-4D69-8A61-5C6FF61CC10E-1024x735.jpg 1024w, http:\/\/atelierdelamaingauche.fr\/wp-content\/uploads\/2023\/08\/7DC424CF-1AC3-4D69-8A61-5C6FF61CC10E-300x215.jpg 300w, http:\/\/atelierdelamaingauche.fr\/wp-content\/uploads\/2023\/08\/7DC424CF-1AC3-4D69-8A61-5C6FF61CC10E-768x551.jpg 768w, http:\/\/atelierdelamaingauche.fr\/wp-content\/uploads\/2023\/08\/7DC424CF-1AC3-4D69-8A61-5C6FF61CC10E-1536x1102.jpg 1536w, http:\/\/atelierdelamaingauche.fr\/wp-content\/uploads\/2023\/08\/7DC424CF-1AC3-4D69-8A61-5C6FF61CC10E-2048x1469.jpg 2048w, http:\/\/atelierdelamaingauche.fr\/wp-content\/uploads\/2023\/08\/7DC424CF-1AC3-4D69-8A61-5C6FF61CC10E-1170x839.jpg 1170w\" sizes=\"(max-width: 1024px) 100vw, 1024px\" \/><\/a><\/figure>\n\n\n\n<figure class=\"wp-block-image size-large\"><a href=\"http:\/\/atelierdelamaingauche.fr\/wp-content\/uploads\/2023\/08\/95EFEF25-1B2D-4421-AFFF-3B3444F70EDB.jpg\"><img decoding=\"async\" width=\"1024\" height=\"1021\" data-id=\"409\" src=\"http:\/\/atelierdelamaingauche.fr\/wp-content\/uploads\/2023\/08\/95EFEF25-1B2D-4421-AFFF-3B3444F70EDB-1024x1021.jpg\" alt=\"\" class=\"wp-image-409\" srcset=\"http:\/\/atelierdelamaingauche.fr\/wp-content\/uploads\/2023\/08\/95EFEF25-1B2D-4421-AFFF-3B3444F70EDB-1024x1021.jpg 1024w, http:\/\/atelierdelamaingauche.fr\/wp-content\/uploads\/2023\/08\/95EFEF25-1B2D-4421-AFFF-3B3444F70EDB-300x300.jpg 300w, http:\/\/atelierdelamaingauche.fr\/wp-content\/uploads\/2023\/08\/95EFEF25-1B2D-4421-AFFF-3B3444F70EDB-150x150.jpg 150w, http:\/\/atelierdelamaingauche.fr\/wp-content\/uploads\/2023\/08\/95EFEF25-1B2D-4421-AFFF-3B3444F70EDB-768x766.jpg 768w, http:\/\/atelierdelamaingauche.fr\/wp-content\/uploads\/2023\/08\/95EFEF25-1B2D-4421-AFFF-3B3444F70EDB-1536x1532.jpg 1536w, http:\/\/atelierdelamaingauche.fr\/wp-content\/uploads\/2023\/08\/95EFEF25-1B2D-4421-AFFF-3B3444F70EDB-1170x1167.jpg 1170w, http:\/\/atelierdelamaingauche.fr\/wp-content\/uploads\/2023\/08\/95EFEF25-1B2D-4421-AFFF-3B3444F70EDB.jpg 1991w\" sizes=\"(max-width: 1024px) 100vw, 1024px\" \/><\/a><\/figure>\n\n\n\n<figure class=\"wp-block-image size-large\"><a href=\"http:\/\/atelierdelamaingauche.fr\/wp-content\/uploads\/2023\/08\/IMG-2920-scaled.jpg\"><img decoding=\"async\" width=\"1024\" height=\"1024\" data-id=\"410\" src=\"http:\/\/atelierdelamaingauche.fr\/wp-content\/uploads\/2023\/08\/IMG-2920-1024x1024.jpg\" alt=\"\" class=\"wp-image-410\" srcset=\"http:\/\/atelierdelamaingauche.fr\/wp-content\/uploads\/2023\/08\/IMG-2920-1024x1024.jpg 1024w, http:\/\/atelierdelamaingauche.fr\/wp-content\/uploads\/2023\/08\/IMG-2920-300x300.jpg 300w, http:\/\/atelierdelamaingauche.fr\/wp-content\/uploads\/2023\/08\/IMG-2920-150x150.jpg 150w, http:\/\/atelierdelamaingauche.fr\/wp-content\/uploads\/2023\/08\/IMG-2920-768x768.jpg 768w, http:\/\/atelierdelamaingauche.fr\/wp-content\/uploads\/2023\/08\/IMG-2920-1536x1536.jpg 1536w, http:\/\/atelierdelamaingauche.fr\/wp-content\/uploads\/2023\/08\/IMG-2920-2048x2048.jpg 2048w, http:\/\/atelierdelamaingauche.fr\/wp-content\/uploads\/2023\/08\/IMG-2920-1170x1170.jpg 1170w\" sizes=\"(max-width: 1024px) 100vw, 1024px\" \/><\/a><\/figure>\n\n\n\n<figure class=\"wp-block-image size-large\"><a href=\"http:\/\/atelierdelamaingauche.fr\/wp-content\/uploads\/2023\/08\/IMG-3191-scaled.jpg\"><img loading=\"lazy\" decoding=\"async\" width=\"857\" height=\"1024\" data-id=\"411\" src=\"http:\/\/atelierdelamaingauche.fr\/wp-content\/uploads\/2023\/08\/IMG-3191-857x1024.jpg\" alt=\"\" class=\"wp-image-411\" srcset=\"http:\/\/atelierdelamaingauche.fr\/wp-content\/uploads\/2023\/08\/IMG-3191-857x1024.jpg 857w, http:\/\/atelierdelamaingauche.fr\/wp-content\/uploads\/2023\/08\/IMG-3191-251x300.jpg 251w, http:\/\/atelierdelamaingauche.fr\/wp-content\/uploads\/2023\/08\/IMG-3191-768x917.jpg 768w, http:\/\/atelierdelamaingauche.fr\/wp-content\/uploads\/2023\/08\/IMG-3191-1286x1536.jpg 1286w, http:\/\/atelierdelamaingauche.fr\/wp-content\/uploads\/2023\/08\/IMG-3191-1715x2048.jpg 1715w, http:\/\/atelierdelamaingauche.fr\/wp-content\/uploads\/2023\/08\/IMG-3191-1170x1397.jpg 1170w\" sizes=\"(max-width: 857px) 100vw, 857px\" \/><\/a><\/figure>\n\n\n\n<figure class=\"wp-block-image size-large\"><a href=\"http:\/\/atelierdelamaingauche.fr\/wp-content\/uploads\/2023\/08\/IMG-3537-scaled.jpg\"><img loading=\"lazy\" decoding=\"async\" width=\"768\" height=\"1024\" data-id=\"412\" src=\"http:\/\/atelierdelamaingauche.fr\/wp-content\/uploads\/2023\/08\/IMG-3537-768x1024.jpg\" alt=\"\" class=\"wp-image-412\" srcset=\"http:\/\/atelierdelamaingauche.fr\/wp-content\/uploads\/2023\/08\/IMG-3537-768x1024.jpg 768w, http:\/\/atelierdelamaingauche.fr\/wp-content\/uploads\/2023\/08\/IMG-3537-225x300.jpg 225w, http:\/\/atelierdelamaingauche.fr\/wp-content\/uploads\/2023\/08\/IMG-3537-1152x1536.jpg 1152w, http:\/\/atelierdelamaingauche.fr\/wp-content\/uploads\/2023\/08\/IMG-3537-1536x2048.jpg 1536w, http:\/\/atelierdelamaingauche.fr\/wp-content\/uploads\/2023\/08\/IMG-3537-1170x1560.jpg 1170w, http:\/\/atelierdelamaingauche.fr\/wp-content\/uploads\/2023\/08\/IMG-3537-scaled.jpg 1920w\" sizes=\"(max-width: 768px) 100vw, 768px\" \/><\/a><\/figure>\n<\/figure>\n","protected":false},"excerpt":{"rendered":"<p>Je suis venue \u00e0 la gravure apr\u00e8s un long d\u00e9tour par la peinture \u00e0 l\u2019huile, l\u2019acrylique et lecollage. Adh\u00e9rente \u00e0 La Main Gauche, je travaille aussi en Ari\u00e8ge dans mon Atelier desCimes : j\u2019y ai install\u00e9 ma presse mobile-la \u00ab Petite \u00bb Gary Thibeau &#8211; et c\u2019est l\u00e0-bas que jem\u00e8ne mes recherches au long cours [&hellip;]<\/p>\n","protected":false},"author":1,"featured_media":0,"parent":45,"menu_order":0,"comment_status":"closed","ping_status":"closed","template":"","meta":{"footnotes":""},"class_list":["post-407","page","type-page","status-publish","hentry"],"_links":{"self":[{"href":"http:\/\/atelierdelamaingauche.fr\/index.php\/wp-json\/wp\/v2\/pages\/407","targetHints":{"allow":["GET"]}}],"collection":[{"href":"http:\/\/atelierdelamaingauche.fr\/index.php\/wp-json\/wp\/v2\/pages"}],"about":[{"href":"http:\/\/atelierdelamaingauche.fr\/index.php\/wp-json\/wp\/v2\/types\/page"}],"author":[{"embeddable":true,"href":"http:\/\/atelierdelamaingauche.fr\/index.php\/wp-json\/wp\/v2\/users\/1"}],"replies":[{"embeddable":true,"href":"http:\/\/atelierdelamaingauche.fr\/index.php\/wp-json\/wp\/v2\/comments?post=407"}],"version-history":[{"count":1,"href":"http:\/\/atelierdelamaingauche.fr\/index.php\/wp-json\/wp\/v2\/pages\/407\/revisions"}],"predecessor-version":[{"id":413,"href":"http:\/\/atelierdelamaingauche.fr\/index.php\/wp-json\/wp\/v2\/pages\/407\/revisions\/413"}],"up":[{"embeddable":true,"href":"http:\/\/atelierdelamaingauche.fr\/index.php\/wp-json\/wp\/v2\/pages\/45"}],"wp:attachment":[{"href":"http:\/\/atelierdelamaingauche.fr\/index.php\/wp-json\/wp\/v2\/media?parent=407"}],"curies":[{"name":"wp","href":"https:\/\/api.w.org\/{rel}","templated":true}]}}