{"id":456,"date":"2023-09-25T16:24:11","date_gmt":"2023-09-25T14:24:11","guid":{"rendered":"http:\/\/atelierdelamaingauche.fr\/?page_id=456"},"modified":"2026-03-20T15:03:41","modified_gmt":"2026-03-20T14:03:41","slug":"expositions-saison-2023-2024","status":"publish","type":"page","link":"http:\/\/atelierdelamaingauche.fr\/index.php\/expositions-saison-2023-2024\/","title":{"rendered":"Expositions saison 2025 \/2026"},"content":{"rendered":"\n<p>Liste non exhaustive\u2026<\/p>\n\n\n\n<div class=\"wp-block-columns is-layout-flex wp-container-core-columns-is-layout-28f84493 wp-block-columns-is-layout-flex\">\n<div class=\"wp-block-column is-layout-flow wp-block-column-is-layout-flow\" style=\"flex-basis:50%\">\n<figure class=\"wp-block-image\"><img fetchpriority=\"high\" decoding=\"async\" width=\"1024\" height=\"858\" src=\"http:\/\/atelierdelamaingauche.fr\/wp-content\/uploads\/2025\/10\/Icimde-akan-su-2-recadre-1024x858.jpg\" alt=\"\" class=\"wp-image-642\" srcset=\"http:\/\/atelierdelamaingauche.fr\/wp-content\/uploads\/2025\/10\/Icimde-akan-su-2-recadre-1024x858.jpg 1024w, http:\/\/atelierdelamaingauche.fr\/wp-content\/uploads\/2025\/10\/Icimde-akan-su-2-recadre-300x251.jpg 300w, http:\/\/atelierdelamaingauche.fr\/wp-content\/uploads\/2025\/10\/Icimde-akan-su-2-recadre-768x643.jpg 768w, http:\/\/atelierdelamaingauche.fr\/wp-content\/uploads\/2025\/10\/Icimde-akan-su-2-recadre-1170x980.jpg 1170w, http:\/\/atelierdelamaingauche.fr\/wp-content\/uploads\/2025\/10\/Icimde-akan-su-2-recadre.jpg 1429w\" sizes=\"(max-width: 1024px) 100vw, 1024px\" \/><\/figure>\n\n\n\n<p><\/p>\n<\/div>\n\n\n\n<div class=\"wp-block-column is-layout-flow wp-block-column-is-layout-flow\" style=\"flex-basis:50%\">\n<div class=\"wp-block-columns is-layout-flex wp-container-core-columns-is-layout-28f84493 wp-block-columns-is-layout-flex\">\n<div class=\"wp-block-column is-layout-flow wp-block-column-is-layout-flow\" style=\"flex-basis:100%\">\n<h2 class=\"wp-block-heading\">Langage souterrain<\/h2>\n\n\n\n<h4 class=\"wp-block-heading\">Ekin Kirimkan &#8211; Gravures<\/h4>\n\n\n\n<p><strong>Du 7 au 30 novembre 2026<\/strong><\/p>\n\n\n\n<p><strong>Vernissage le vendredi 7 novembre \u00e0 partir de 18h<\/strong><\/p>\n\n\n\n<pre class=\"wp-block-preformatted has-text-regular-color has-text-color has-link-color has-base-font-family wp-elements-0441748e63d691833107c2f6f5bedeba\"><\/pre>\n<\/div>\n<\/div>\n<\/div>\n<\/div>\n\n\n\n<div class=\"wp-block-group is-layout-constrained wp-block-group-is-layout-constrained\">\n<pre class=\"wp-block-preformatted has-text-regular-color has-text-color has-link-color has-base-font-family wp-elements-4b967c0f1868d7c645fcb555e0bc1b78\">Ma recherche s\u2019appuie sur le principe de vie qui compose toute chose.<br>Je parle avant tout du vivant, de l\u2019organique, de ce qui respire et se transforme.<br>Je parle des diff\u00e9rents r\u00e8gnes, de l\u2019\u00eatre min\u00e9ral, de l\u2019\u00eatre v\u00e9g\u00e9tal, de l\u2019\u00eatre animal et de l\u2019\u00eatre humain.<br>Je parle de leur rencontre et leur interaction, du lien qui se tisse \u00e0 chaque instant entre eux.<br>Je parle de la plus petite chose comme de la plus grande.<br>J\u2019\u00e9voque et j\u2019invoque chaque micro mouvement contenu dans le mouvement.<br>Je parle de l\u2019intime, depuis le dedans des choses, de leurs int\u00e9riorit\u00e9s.<br>Telle une \u00e9criture intuitive, il s\u2019agit d\u2019un langage silencieux, qui se construit et se r\u00e9alise dans le silence.<br>Je donne \u00e0 voir non pas la forme physique et finie des choses, non pas celle qui se manifeste par l\u2019apparence et ses contours mais la part abstraite de ces m\u00eames choses, cette part impalpable et int\u00e9rieure.<br>La mati\u00e8re subtile qui met en mouvement toute vie.<br>Le souffle qui la traverse.<br>Je parle de l\u2019air et de l\u2019\u00e9ther, de l\u2019eau et du feu, de la terre.<br>Des \u00e9l\u00e9mentaires.<br>De tous les petits \u00eatres qui habitent les espaces-temps non lin\u00e9aires.<br>Des incarnations muettes,<br>Des pr\u00e9sences vacillantes,<br>En expansion et en retenue,<br>Qui exhalent de la surface du papier en m\u00eame temps qu\u2019elles sont absorb\u00e9es par elle.<\/pre>\n<\/div>\n\n\n\n<div style=\"height:59px\" aria-hidden=\"true\" class=\"wp-block-spacer\"><\/div>\n\n\n\n<div class=\"wp-block-columns is-layout-flex wp-container-core-columns-is-layout-28f84493 wp-block-columns-is-layout-flex\">\n<div class=\"wp-block-column is-layout-flow wp-block-column-is-layout-flow\">\n<figure class=\"wp-block-image size-large\"><img decoding=\"async\" width=\"1024\" height=\"1024\" src=\"http:\/\/atelierdelamaingauche.fr\/wp-content\/uploads\/2026\/02\/AmourCom-1024x1024.jpg\" alt=\"\" class=\"wp-image-664\" srcset=\"http:\/\/atelierdelamaingauche.fr\/wp-content\/uploads\/2026\/02\/AmourCom-1024x1024.jpg 1024w, http:\/\/atelierdelamaingauche.fr\/wp-content\/uploads\/2026\/02\/AmourCom-300x300.jpg 300w, http:\/\/atelierdelamaingauche.fr\/wp-content\/uploads\/2026\/02\/AmourCom-150x150.jpg 150w, http:\/\/atelierdelamaingauche.fr\/wp-content\/uploads\/2026\/02\/AmourCom-768x768.jpg 768w, http:\/\/atelierdelamaingauche.fr\/wp-content\/uploads\/2026\/02\/AmourCom-1170x1170.jpg 1170w, http:\/\/atelierdelamaingauche.fr\/wp-content\/uploads\/2026\/02\/AmourCom.jpg 1181w\" sizes=\"(max-width: 1024px) 100vw, 1024px\" \/><\/figure>\n<\/div>\n\n\n\n<div class=\"wp-block-column is-layout-flow wp-block-column-is-layout-flow\">\n<h1 class=\"wp-block-heading\">AMOUR<\/h1>\n\n\n\n<h4 class=\"wp-block-heading\">Exposition collective<\/h4>\n\n\n\n<h4 class=\"wp-block-heading\">Dessin, estampe, photographie<\/h4>\n\n\n\n<p><strong>Du 13 f\u00e9vrier au 22 mars 2026<\/strong><\/p>\n\n\n\n<p><strong>Vernissage le vendredi 13 f\u00e9vrier \u00e0 18h<\/strong><\/p>\n<\/div>\n<\/div>\n\n\n\n<pre class=\"wp-block-preformatted has-text-regular-color has-text-color has-link-color has-base-font-family wp-elements-f8f87dd23e4b592abc5a021adabce892\">Dessins, estampes et photographies librement inspir\u00e9s par le th\u00e8me AMOUR.<br><br>Avec les 40 images de In\u00e8s Amadei, Aude Aussilloux, Lisa Barbe, Laure Bellion, Maria Florencia Brady Donadio, Pierre Braud, \u00c9lisabeth Bronitz, Delphine Bronzi, Solen Cap, Maria Chillon, Marjorie Cia, Clapotis Sauvage, Sara Conti, Anna Cox, Karen Della Monica, Juliette De Souza, \u00c9velyne Drou\u00e8re, Bilitis Farreny, Francis G, Fran\u00e7oise Gacon, Oc\u00e9ane Gaillard, Guillaume Gibergue, Sandrine Ginisty, Dorothy Goizet, Justine Guerville, Clara Hauser, Jungeun Kim, Sylvain Konyali, Estelle Lacombe, Ximena de Leon Lucero, Chu Stella Liu, Gaelle Loth, G\u00e9rard Marty, Anne-Fr\u00e9d\u00e9rique Maurer, Camille Messager, Marianne Smolska, Judith Tran Phong, Jean-Michel Uyttersprot, Verotau, Miriam Zegrer.<\/pre>\n\n\n\n<div style=\"height:59px\" aria-hidden=\"true\" class=\"wp-block-spacer\"><\/div>\n\n\n\n<div class=\"wp-block-columns is-layout-flex wp-container-core-columns-is-layout-28f84493 wp-block-columns-is-layout-flex\">\n<div class=\"wp-block-column is-layout-flow wp-block-column-is-layout-flow\">\n<figure class=\"wp-block-image size-large\"><img decoding=\"async\" width=\"717\" height=\"1024\" src=\"http:\/\/atelierdelamaingauche.fr\/wp-content\/uploads\/2026\/03\/LabeteAfficheweb-717x1024.jpg\" alt=\"\" class=\"wp-image-677\" srcset=\"http:\/\/atelierdelamaingauche.fr\/wp-content\/uploads\/2026\/03\/LabeteAfficheweb-717x1024.jpg 717w, http:\/\/atelierdelamaingauche.fr\/wp-content\/uploads\/2026\/03\/LabeteAfficheweb-210x300.jpg 210w, http:\/\/atelierdelamaingauche.fr\/wp-content\/uploads\/2026\/03\/LabeteAfficheweb-768x1097.jpg 768w, http:\/\/atelierdelamaingauche.fr\/wp-content\/uploads\/2026\/03\/LabeteAfficheweb-1076x1536.jpg 1076w, http:\/\/atelierdelamaingauche.fr\/wp-content\/uploads\/2026\/03\/LabeteAfficheweb-1434x2048.jpg 1434w, http:\/\/atelierdelamaingauche.fr\/wp-content\/uploads\/2026\/03\/LabeteAfficheweb-1170x1671.jpg 1170w, http:\/\/atelierdelamaingauche.fr\/wp-content\/uploads\/2026\/03\/LabeteAfficheweb.jpg 1654w\" sizes=\"(max-width: 717px) 100vw, 717px\" \/><\/figure>\n<\/div>\n\n\n\n<div class=\"wp-block-column is-layout-flow wp-block-column-is-layout-flow\">\n<h1 class=\"wp-block-heading\">La b\u00eate et la b\u00eate<\/h1>\n\n\n\n<h4 class=\"wp-block-heading\">Exposition collective<\/h4>\n\n\n\n<h4 class=\"wp-block-heading\">Estampes<\/h4>\n\n\n\n<p><strong>Du 3 avril au 7 juin 2026<\/strong><\/p>\n\n\n\n<p><strong>Vernissage le vendredi 3 avril \u00e0 18h<\/strong><\/p>\n\n\n\n<p><\/p>\n<\/div>\n<\/div>\n\n\n\n<p>Dans cette exposition collective, nous proposons d&#8217;explorer les relations que nous \u00e9tablissons en tant qu&#8217;animaux humains avec les autres animaux non-humains, cohabitants terriens avec, \u00e0 c\u00f4t\u00e9 ou en regard de qui nous coexistons.<br>Au travers d&#8217;un choix d&#8217;artistes et de leurs \u0153uvres imprim\u00e9es, nous souhaitons laisser ouverte une interrogation et donner \u00e0 voir des interactions possibles, des mani\u00e8res singuli\u00e8res d&#8217;\u00eatre en relation avec les autres vivants animaux.<\/p>\n\n\n\n<p>Avec les \u0153uvres d&#8217;Anne-Fr\u00e9d\u00e9rique Maurer, Anne-Laure Draisey, Aleksandra Waliszewska, Bilitis Farreny, Camille Laforcen\u00e9e, Daisuke Ichiba, Emmanuelle Pidoux, Estelle Lacombe, Fanny Cavin, Magdalena Hueckel, Marion Semple, M\u00e9lanie Duchaussoy, Miriam Zegrer, Pole KA, Sarah Battaglia et Valentine de Chabaneix.<\/p>\n","protected":false},"excerpt":{"rendered":"<p>Liste non exhaustive\u2026 Langage souterrain Ekin Kirimkan &#8211; Gravures Du 7 au 30 novembre 2026 Vernissage le vendredi 7 novembre \u00e0 partir de 18h Ma recherche s\u2019appuie sur le principe de vie qui compose toute chose.Je parle avant tout du vivant, de l\u2019organique, de ce qui respire et se transforme.Je parle des diff\u00e9rents r\u00e8gnes, de [&hellip;]<\/p>\n","protected":false},"author":1,"featured_media":0,"parent":0,"menu_order":0,"comment_status":"closed","ping_status":"closed","template":"","meta":{"footnotes":""},"class_list":["post-456","page","type-page","status-publish","hentry"],"_links":{"self":[{"href":"http:\/\/atelierdelamaingauche.fr\/index.php\/wp-json\/wp\/v2\/pages\/456","targetHints":{"allow":["GET"]}}],"collection":[{"href":"http:\/\/atelierdelamaingauche.fr\/index.php\/wp-json\/wp\/v2\/pages"}],"about":[{"href":"http:\/\/atelierdelamaingauche.fr\/index.php\/wp-json\/wp\/v2\/types\/page"}],"author":[{"embeddable":true,"href":"http:\/\/atelierdelamaingauche.fr\/index.php\/wp-json\/wp\/v2\/users\/1"}],"replies":[{"embeddable":true,"href":"http:\/\/atelierdelamaingauche.fr\/index.php\/wp-json\/wp\/v2\/comments?post=456"}],"version-history":[{"count":26,"href":"http:\/\/atelierdelamaingauche.fr\/index.php\/wp-json\/wp\/v2\/pages\/456\/revisions"}],"predecessor-version":[{"id":683,"href":"http:\/\/atelierdelamaingauche.fr\/index.php\/wp-json\/wp\/v2\/pages\/456\/revisions\/683"}],"wp:attachment":[{"href":"http:\/\/atelierdelamaingauche.fr\/index.php\/wp-json\/wp\/v2\/media?parent=456"}],"curies":[{"name":"wp","href":"https:\/\/api.w.org\/{rel}","templated":true}]}}