{"id":582,"date":"2025-03-18T15:07:50","date_gmt":"2025-03-18T14:07:50","guid":{"rendered":"http:\/\/atelierdelamaingauche.fr\/?page_id=582"},"modified":"2025-06-14T13:33:34","modified_gmt":"2025-06-14T11:33:34","slug":"stage-monotype","status":"publish","type":"page","link":"http:\/\/atelierdelamaingauche.fr\/index.php\/stages\/stage-monotype\/","title":{"rendered":"Stage monotype"},"content":{"rendered":"\n<div class=\"wp-block-columns is-layout-flex wp-container-core-columns-is-layout-28f84493 wp-block-columns-is-layout-flex\">\n<div class=\"wp-block-column is-layout-flow wp-block-column-is-layout-flow\"><\/div>\n\n\n\n<div class=\"wp-block-column is-layout-flow wp-block-column-is-layout-flow\" style=\"flex-basis:33.33%\">\n<figure class=\"wp-block-image size-large\"><img fetchpriority=\"high\" decoding=\"async\" width=\"1024\" height=\"714\" src=\"http:\/\/atelierdelamaingauche.fr\/wp-content\/uploads\/2025\/03\/stage-monotype-1024x714.jpg\" alt=\"\" class=\"wp-image-583\" srcset=\"http:\/\/atelierdelamaingauche.fr\/wp-content\/uploads\/2025\/03\/stage-monotype-1024x714.jpg 1024w, http:\/\/atelierdelamaingauche.fr\/wp-content\/uploads\/2025\/03\/stage-monotype-300x209.jpg 300w, http:\/\/atelierdelamaingauche.fr\/wp-content\/uploads\/2025\/03\/stage-monotype-768x536.jpg 768w, http:\/\/atelierdelamaingauche.fr\/wp-content\/uploads\/2025\/03\/stage-monotype-1536x1072.jpg 1536w, http:\/\/atelierdelamaingauche.fr\/wp-content\/uploads\/2025\/03\/stage-monotype-2048x1429.jpg 2048w, http:\/\/atelierdelamaingauche.fr\/wp-content\/uploads\/2025\/03\/stage-monotype-1170x816.jpg 1170w\" sizes=\"(max-width: 1024px) 100vw, 1024px\" \/><\/figure>\n\n\n\n<p>Calendrier 2025\/2026<\/p>\n\n\n\n<ul class=\"wp-block-list\">\n<li>Samedi 15 novembre<\/li>\n\n\n\n<li>Samedi 4 avril<\/li>\n<\/ul>\n<\/div>\n\n\n\n<div class=\"wp-block-column is-layout-flow wp-block-column-is-layout-flow\"><\/div>\n\n\n\n<div class=\"wp-block-column is-layout-flow wp-block-column-is-layout-flow\" style=\"flex-basis:66.66%\">\n<p><em>&#8220;Entre peinture et gravure, le monotype permet une grande libert\u00e9 dans la pratique. On travaille sur une plaque non grav\u00e9e avec des encres de gravure et des outils divers : rouleaux, tarlatanes, coton-tiges, cure-dents, pinceaux etc. On imprime ensuite. On parlera surimpression, fabrication de ses propres outils, impression sur papier humide ou sec, et bien plus encore.<\/em><\/p>\n\n\n\n<p><em>Cette journ\u00e9e peut \u00eatre un temps d&#8217;exp\u00e9rimentation et de d\u00e9couverte, o\u00f9 l&#8217;on se d\u00e9barrasse des enjeux de r\u00e9sultats pour jouer et essayer des choses, plein de choses. Car contrairement \u00e0 d&#8217;autres techniques de gravure, le monotype peut aller assez vite, puisqu&#8217;on n&#8217;a pas de plaque \u00e0 graver. Vous pouvez aussi venir avec des id\u00e9es plus pr\u00e9cises de r\u00e9alisations, des croquis pr\u00e9paratoires et chercher une approche graphique ou plastique \u00e0 son sujet.<\/em>&#8220;<\/p>\n\n\n\n<p><em>Camille Laforcen\u00e9e<\/em><\/p>\n\n\n\n<p>Intervenante : Camille Laforcen\u00e9e<\/p>\n\n\n\n<p>Horaires : 10h\/18h<\/p>\n\n\n\n<p>Tarif unique : 80 euros tout mat\u00e9riel compris : papier, rouleaux, quelques pinceaux, encres lavables \u00e0 l&#8217;eau (noire, blanche, couleurs primaires pour des m\u00e9langes et m\u00e9dium). Si vous avez des pinceaux ou des id\u00e9es d&#8217;outils, ramener des mat\u00e9riaux, on n&#8217;en aura jamais assez&nbsp;!<\/p>\n\n\n\n<p>Si vous n&#8217;\u00eates pas encore adh\u00e9rent de la Main Gauche, nous vous demanderons d&#8217;ajouter \u00e0 ce tarif 15 euros d&#8217;adh\u00e9sion \ud83d\ude42<\/p>\n\n\n\n<p><em>Ce stage peut recevoir 6 participants maximum. Il est n\u00e9cessaire de vous&nbsp;<a href=\"mailto:laforcenee@gmail.com\">inscrire<\/a>&nbsp;\u00e0 l\u2019avance pour y participer.<\/em><\/p>\n<\/div>\n<\/div>\n\n\n\n<p><\/p>\n","protected":false},"excerpt":{"rendered":"<p>Calendrier 2025\/2026 &#8220;Entre peinture et gravure, le monotype permet une grande libert\u00e9 dans la pratique. On travaille sur une plaque non grav\u00e9e avec des encres de gravure et des outils divers : rouleaux, tarlatanes, coton-tiges, cure-dents, pinceaux etc. On imprime ensuite. On parlera surimpression, fabrication de ses propres outils, impression sur papier humide ou sec, [&hellip;]<\/p>\n","protected":false},"author":1,"featured_media":0,"parent":159,"menu_order":0,"comment_status":"closed","ping_status":"closed","template":"","meta":{"footnotes":""},"class_list":["post-582","page","type-page","status-publish","hentry"],"_links":{"self":[{"href":"http:\/\/atelierdelamaingauche.fr\/index.php\/wp-json\/wp\/v2\/pages\/582","targetHints":{"allow":["GET"]}}],"collection":[{"href":"http:\/\/atelierdelamaingauche.fr\/index.php\/wp-json\/wp\/v2\/pages"}],"about":[{"href":"http:\/\/atelierdelamaingauche.fr\/index.php\/wp-json\/wp\/v2\/types\/page"}],"author":[{"embeddable":true,"href":"http:\/\/atelierdelamaingauche.fr\/index.php\/wp-json\/wp\/v2\/users\/1"}],"replies":[{"embeddable":true,"href":"http:\/\/atelierdelamaingauche.fr\/index.php\/wp-json\/wp\/v2\/comments?post=582"}],"version-history":[{"count":3,"href":"http:\/\/atelierdelamaingauche.fr\/index.php\/wp-json\/wp\/v2\/pages\/582\/revisions"}],"predecessor-version":[{"id":617,"href":"http:\/\/atelierdelamaingauche.fr\/index.php\/wp-json\/wp\/v2\/pages\/582\/revisions\/617"}],"up":[{"embeddable":true,"href":"http:\/\/atelierdelamaingauche.fr\/index.php\/wp-json\/wp\/v2\/pages\/159"}],"wp:attachment":[{"href":"http:\/\/atelierdelamaingauche.fr\/index.php\/wp-json\/wp\/v2\/media?parent=582"}],"curies":[{"name":"wp","href":"https:\/\/api.w.org\/{rel}","templated":true}]}}