{"id":624,"date":"2025-09-23T14:11:03","date_gmt":"2025-09-23T12:11:03","guid":{"rendered":"http:\/\/atelierdelamaingauche.fr\/?page_id=624"},"modified":"2025-09-23T14:14:58","modified_gmt":"2025-09-23T12:14:58","slug":"devenir-artiste-adherent","status":"publish","type":"page","link":"http:\/\/atelierdelamaingauche.fr\/index.php\/devenir-artiste-adherent\/","title":{"rendered":"Devenir artiste adh\u00e9rent"},"content":{"rendered":"\n<p>L\u02bcAtelier de la Main Gauche a mis en place un statut d\u02bcartiste adh\u00e9rent pour permettre aux artistes graveurs autonomes de venir travailler sous forme de locations \u00e0 la journ\u00e9e.<\/p>\n\n\n\n<p>Ce statut permet d&#8217;avoir acc\u00e8s \u00e0 une carte de 5 s\u00e9ances de 8 heures cons\u00e9cutives de travail \u00e0 l&#8217;atelier, renouvelable autant de fois que n\u00e9cessaire.<\/p>\n\n\n\n<p>Si vous souhaitez en savoir plus sur le statut d&#8217;artiste adh\u00e9rent, les modalit\u00e9s d&#8217;acc\u00e8s \u00e0 ce statut ainsi que le fonctionnement de ces s\u00e9ances de travail, merci de <a href=\"mailto:info@atelierdelamaingauche.fr\">prendre contact avec nous par mail<\/a><\/p>\n\n\n\n<p><\/p>\n","protected":false},"excerpt":{"rendered":"<p>L\u02bcAtelier de la Main Gauche a mis en place un statut d\u02bcartiste adh\u00e9rent pour permettre aux artistes graveurs autonomes de venir travailler sous forme de locations \u00e0 la journ\u00e9e. Ce statut permet d&#8217;avoir acc\u00e8s \u00e0 une carte de 5 s\u00e9ances de 8 heures cons\u00e9cutives de travail \u00e0 l&#8217;atelier, renouvelable autant de fois que n\u00e9cessaire. Si [&hellip;]<\/p>\n","protected":false},"author":1,"featured_media":0,"parent":0,"menu_order":0,"comment_status":"closed","ping_status":"closed","template":"","meta":{"footnotes":""},"class_list":["post-624","page","type-page","status-publish","hentry"],"_links":{"self":[{"href":"http:\/\/atelierdelamaingauche.fr\/index.php\/wp-json\/wp\/v2\/pages\/624","targetHints":{"allow":["GET"]}}],"collection":[{"href":"http:\/\/atelierdelamaingauche.fr\/index.php\/wp-json\/wp\/v2\/pages"}],"about":[{"href":"http:\/\/atelierdelamaingauche.fr\/index.php\/wp-json\/wp\/v2\/types\/page"}],"author":[{"embeddable":true,"href":"http:\/\/atelierdelamaingauche.fr\/index.php\/wp-json\/wp\/v2\/users\/1"}],"replies":[{"embeddable":true,"href":"http:\/\/atelierdelamaingauche.fr\/index.php\/wp-json\/wp\/v2\/comments?post=624"}],"version-history":[{"count":2,"href":"http:\/\/atelierdelamaingauche.fr\/index.php\/wp-json\/wp\/v2\/pages\/624\/revisions"}],"predecessor-version":[{"id":629,"href":"http:\/\/atelierdelamaingauche.fr\/index.php\/wp-json\/wp\/v2\/pages\/624\/revisions\/629"}],"wp:attachment":[{"href":"http:\/\/atelierdelamaingauche.fr\/index.php\/wp-json\/wp\/v2\/media?parent=624"}],"curies":[{"name":"wp","href":"https:\/\/api.w.org\/{rel}","templated":true}]}}